{"id":2528,"date":"2023-11-10T17:25:28","date_gmt":"2023-11-10T16:25:28","guid":{"rendered":"https:\/\/www.diewerberechtler.de\/wordpress\/?page_id=2528"},"modified":"2023-11-10T17:29:34","modified_gmt":"2023-11-10T16:29:34","slug":"beratung","status":"publish","type":"page","link":"https:\/\/www.diewerberechtler.de\/wordpress\/beratung\/","title":{"rendered":"Beratung"},"content":{"rendered":"\n<div class=\"wp-block-contact-form-7-contact-form-selector\">\n<div class=\"wpcf7 no-js\" id=\"wpcf7-f841-o1\" lang=\"de-DE\" dir=\"ltr\" data-wpcf7-id=\"841\">\n<div class=\"screen-reader-response\"><p role=\"status\" aria-live=\"polite\" aria-atomic=\"true\"><\/p> <ul><\/ul><\/div>\n<form action=\"\/wordpress\/wp-json\/wp\/v2\/pages\/2528#wpcf7-f841-o1\" method=\"post\" class=\"wpcf7-form init\" aria-label=\"Kontaktformular\" enctype=\"multipart\/form-data\" novalidate=\"novalidate\" data-status=\"init\">\n<fieldset class=\"hidden-fields-container\"><input type=\"hidden\" name=\"_wpcf7\" value=\"841\" \/><input type=\"hidden\" name=\"_wpcf7_version\" value=\"6.1.5\" \/><input type=\"hidden\" name=\"_wpcf7_locale\" value=\"de_DE\" \/><input type=\"hidden\" name=\"_wpcf7_unit_tag\" value=\"wpcf7-f841-o1\" \/><input type=\"hidden\" name=\"_wpcf7_container_post\" value=\"0\" \/><input type=\"hidden\" name=\"_wpcf7_posted_data_hash\" value=\"\" \/>\n<\/fieldset>\n<hr \/>\n<h3>1. Ihre Kontaktdaten\n<\/h3>\n<p><span class=\"wpcf7-form-control-wrap\" data-name=\"anrede\"><span class=\"wpcf7-form-control wpcf7-checkbox wpcf7-exclusive-checkbox\"><span class=\"wpcf7-list-item first\"><label><input type=\"checkbox\" name=\"anrede\" value=\"Frau\" \/><span class=\"wpcf7-list-item-label\">Frau<\/span><\/label><\/span><span class=\"wpcf7-list-item last\"><label><input type=\"checkbox\" name=\"anrede\" value=\"Herr\" \/><span class=\"wpcf7-list-item-label\">Herr<\/span><\/label><\/span><\/span><\/span>\n<\/p>\n<p><label> Name \/ Ansprechpartner<br \/>\n<span class=\"wpcf7-form-control-wrap\" data-name=\"your-name\"><input size=\"40\" maxlength=\"400\" class=\"wpcf7-form-control wpcf7-text\" aria-invalid=\"false\" value=\"\" type=\"text\" name=\"your-name\" \/><\/span> <\/label>\n<\/p>\n<p><label> Firma<br \/>\n<span class=\"wpcf7-form-control-wrap\" data-name=\"your-firma\"><input size=\"40\" maxlength=\"400\" class=\"wpcf7-form-control wpcf7-text\" aria-invalid=\"false\" value=\"\" type=\"text\" name=\"your-firma\" \/><\/span> <\/label>\n<\/p>\n<p><label> Strasse \/ Hausnummer<br \/>\n<span class=\"wpcf7-form-control-wrap\" data-name=\"your-strasse\"><input size=\"40\" maxlength=\"400\" class=\"wpcf7-form-control wpcf7-text\" aria-invalid=\"false\" value=\"\" type=\"text\" name=\"your-strasse\" \/><\/span> <\/label>\n<\/p>\n<p><label> PLZ \/ Ort<br \/>\n<span class=\"wpcf7-form-control-wrap\" data-name=\"your-ort\"><input size=\"40\" maxlength=\"400\" class=\"wpcf7-form-control wpcf7-text\" aria-invalid=\"false\" value=\"\" type=\"text\" name=\"your-ort\" \/><\/span> <\/label>\n<\/p>\n<p><label> Telefon<br \/>\n<span class=\"wpcf7-form-control-wrap\" data-name=\"your-tel\"><input size=\"40\" maxlength=\"400\" class=\"wpcf7-form-control wpcf7-text\" aria-invalid=\"false\" value=\"\" type=\"text\" name=\"your-tel\" \/><\/span> <\/label>\n<\/p>\n<p><label> Fax<br \/>\n<span class=\"wpcf7-form-control-wrap\" data-name=\"your-fax\"><input size=\"40\" maxlength=\"400\" class=\"wpcf7-form-control wpcf7-text\" aria-invalid=\"false\" value=\"\" type=\"text\" name=\"your-fax\" \/><\/span> <\/label>\n<\/p>\n<p><label> E-Mail-Adresse<br \/>\n<span class=\"wpcf7-form-control-wrap\" data-name=\"your-email\"><input size=\"40\" maxlength=\"400\" class=\"wpcf7-form-control wpcf7-email wpcf7-validates-as-required wpcf7-text wpcf7-validates-as-email\" aria-required=\"true\" aria-invalid=\"false\" value=\"\" type=\"email\" name=\"your-email\" \/><\/span> <\/label>\n<\/p>\n<p><span id=\"wpcf7-69f2935830356-wrapper\" class=\"wpcf7-form-control-wrap adresse-wrap\" style=\"display:none !important; visibility:hidden !important;\"><label for=\"wpcf7-69f2935830356-field\" class=\"hp-message\">Bitte lasse dieses Feld leer.<\/label><input id=\"wpcf7-69f2935830356-field\"  class=\"wpcf7-form-control wpcf7-text\" type=\"text\" name=\"adresse\" value=\"\" size=\"40\" tabindex=\"-1\" autocomplete=\"new-password\" \/><\/span>\n<\/p>\n<hr \/>\n<h3>2. Ihr Anliegen\n<\/h3>\n<p><label> Betreff<br \/>\n<span class=\"wpcf7-form-control-wrap\" data-name=\"your-subject\"><input size=\"40\" maxlength=\"400\" class=\"wpcf7-form-control wpcf7-text\" aria-invalid=\"false\" value=\"\" type=\"text\" name=\"your-subject\" \/><\/span> <\/label>\n<\/p>\n<p><label> Anmerkung<br \/>\n<span class=\"wpcf7-form-control-wrap\" data-name=\"anmerkung\"><textarea cols=\"40\" rows=\"10\" maxlength=\"2000\" class=\"wpcf7-form-control wpcf7-textarea\" aria-invalid=\"false\" name=\"anmerkung\">Bitte schildern Sie uns m\u00f6glichst genau, worum es Ihnen geht.<\/textarea><\/span> <\/label>\n<\/p>\n<p><label> Unterlagen <\/label>\n<\/p>\n<p>Lassen Sie uns Unterlagen zukommen \u2013 falls vorhanden \u2013 die f\u00fcr den Sachverhalt wichtig sein k\u00f6nnten: <span class=\"wpcf7-form-control-wrap\" data-name=\"unterlagen\"><input size=\"40\" class=\"wpcf7-form-control wpcf7-file\" accept=\"audio\/*,video\/*,image\/*\" aria-invalid=\"false\" type=\"file\" name=\"unterlagen\" \/><\/span>\n<\/p>\n<hr \/>\n<h3>3. Ihr Auftrag\n<\/h3>\n<p>Was k\u00f6nnen wir f\u00fcr Sie tun?\n<\/p>\n<p><span class=\"wpcf7-form-control-wrap\" data-name=\"bestellung\"><span class=\"wpcf7-form-control wpcf7-checkbox wpcf7-exclusive-checkbox\"><span class=\"wpcf7-list-item first\"><label><input type=\"checkbox\" name=\"bestellung\" value=\"Erstberatung (89 EUR* Anwaltsgeb\u00fchren)\" \/><span class=\"wpcf7-list-item-label\">Erstberatung (89 EUR* Anwaltsgeb\u00fchren)<\/span><\/label><\/span><span class=\"wpcf7-list-item\"><label><input type=\"checkbox\" name=\"bestellung\" value=\"Pauschalberatung (individuelles Honorarangebot.)\" \/><span class=\"wpcf7-list-item-label\">Pauschalberatung (individuelles Honorarangebot.)<\/span><\/label><\/span><span class=\"wpcf7-list-item last\"><label><input type=\"checkbox\" name=\"bestellung\" value=\"Dauerberatung (individuelles Honorarangebot.)\" \/><span class=\"wpcf7-list-item-label\">Dauerberatung (individuelles Honorarangebot.)<\/span><\/label><\/span><\/span><\/span>\n<\/p>\n<h6>Sobald uns der Sachverhalt vorliegt, erstellen wir f\u00fcr Sie ein individuelles Honorarangebot.\n<\/h6>\n<p style=\"font-size: 9pt;\">*Bitte beachten Sie, dass unser Angebot freibleibend ist und sich nicht an Endverbraucher richtet, sondern an Unternehmer, Angeh\u00f6rige der freien Berufe und Beh\u00f6rden. Alle Preisangaben sind Nettopreise zuz\u00fcglich der gesetzlichen Mehrwertsteuer. Es gelten unsere <span><a href=\"https:\/\/www.diewerberechtler.de\/Anwaltssozietaet\/Kontakt\/AGB\/agb.html\" target=\"_blank\">AGB<\/a><\/span>\n<\/p>\n<hr \/>\n<h3>4. Bestellung aufgeben\n<\/h3>\n<p>Bitte \u00fcberpr\u00fcfen Sie Ihre Angaben!\n<\/p>\n<p><span id=\"wpcf7-69f29358306e2-wrapper\" class=\"wpcf7-form-control-wrap wohnsitz-wrap\" style=\"display:none !important; visibility:hidden !important;\"><label for=\"wpcf7-69f29358306e2-field\" class=\"hp-message\">Bitte lasse dieses Feld leer.<\/label><input id=\"wpcf7-69f29358306e2-field\"  class=\"wpcf7-form-control wpcf7-text\" type=\"text\" name=\"wohnsitz\" value=\"\" size=\"40\" tabindex=\"-1\" autocomplete=\"new-password\" \/><\/span>\n<\/p>\n<div style=\"text-align: right;\">\n\t<p><input class=\"wpcf7-form-control wpcf7-submit has-spinner\" type=\"submit\" value=\"Senden\" \/>\n\t<\/p>\n<\/div><p style=\"display: none !important;\" class=\"akismet-fields-container\" data-prefix=\"_wpcf7_ak_\"><label>&#916;<textarea name=\"_wpcf7_ak_hp_textarea\" cols=\"45\" rows=\"8\" maxlength=\"100\"><\/textarea><\/label><input type=\"hidden\" id=\"ak_js_1\" name=\"_wpcf7_ak_js\" value=\"106\"\/><script>\ndocument.getElementById( \"ak_js_1\" ).setAttribute( \"value\", ( new Date() ).getTime() );\n<\/script>\n<\/p><div class=\"wpcf7-response-output\" aria-hidden=\"true\"><\/div>\n<\/form>\n<\/div>\n<\/div>\n","protected":false},"excerpt":{"rendered":"","protected":false},"author":1,"featured_media":0,"parent":0,"menu_order":0,"comment_status":"closed","ping_status":"closed","template":"","meta":{"site-sidebar-layout":"default","site-content-layout":"","ast-site-content-layout":"default","site-content-style":"default","site-sidebar-style":"default","ast-global-header-display":"disabled","ast-banner-title-visibility":"","ast-main-header-display":"","ast-hfb-above-header-display":"","ast-hfb-below-header-display":"","ast-hfb-mobile-header-display":"","site-post-title":"","ast-breadcrumbs-content":"","ast-featured-img":"","footer-sml-layout":"disabled","ast-disable-related-posts":"","theme-transparent-header-meta":"","adv-header-id-meta":"","stick-header-meta":"","header-above-stick-meta":"","header-main-stick-meta":"","header-below-stick-meta":"","astra-migrate-meta-layouts":"default","ast-page-background-enabled":"default","ast-page-background-meta":{"desktop":{"background-color":"var(--ast-global-color-4)","background-image":"","background-repeat":"repeat","background-position":"center center","background-size":"auto","background-attachment":"scroll","background-type":"","background-media":"","overlay-type":"","overlay-color":"","overlay-opacity":"","overlay-gradient":""},"tablet":{"background-color":"","background-image":"","background-repeat":"repeat","background-position":"center center","background-size":"auto","background-attachment":"scroll","background-type":"","background-media":"","overlay-type":"","overlay-color":"","overlay-opacity":"","overlay-gradient":""},"mobile":{"background-color":"","background-image":"","background-repeat":"repeat","background-position":"center center","background-size":"auto","background-attachment":"scroll","background-type":"","background-media":"","overlay-type":"","overlay-color":"","overlay-opacity":"","overlay-gradient":""}},"ast-content-background-meta":{"desktop":{"background-color":"var(--ast-global-color-5)","background-image":"","background-repeat":"repeat","background-position":"center center","background-size":"auto","background-attachment":"scroll","background-type":"","background-media":"","overlay-type":"","overlay-color":"","overlay-opacity":"","overlay-gradient":""},"tablet":{"background-color":"var(--ast-global-color-5)","background-image":"","background-repeat":"repeat","background-position":"center center","background-size":"auto","background-attachment":"scroll","background-type":"","background-media":"","overlay-type":"","overlay-color":"","overlay-opacity":"","overlay-gradient":""},"mobile":{"background-color":"var(--ast-global-color-5)","background-image":"","background-repeat":"repeat","background-position":"center center","background-size":"auto","background-attachment":"scroll","background-type":"","background-media":"","overlay-type":"","overlay-color":"","overlay-opacity":"","overlay-gradient":""}},"footnotes":""},"class_list":["post-2528","page","type-page","status-publish","hentry"],"_links":{"self":[{"href":"https:\/\/www.diewerberechtler.de\/wordpress\/wp-json\/wp\/v2\/pages\/2528","targetHints":{"allow":["GET"]}}],"collection":[{"href":"https:\/\/www.diewerberechtler.de\/wordpress\/wp-json\/wp\/v2\/pages"}],"about":[{"href":"https:\/\/www.diewerberechtler.de\/wordpress\/wp-json\/wp\/v2\/types\/page"}],"author":[{"embeddable":true,"href":"https:\/\/www.diewerberechtler.de\/wordpress\/wp-json\/wp\/v2\/users\/1"}],"replies":[{"embeddable":true,"href":"https:\/\/www.diewerberechtler.de\/wordpress\/wp-json\/wp\/v2\/comments?post=2528"}],"version-history":[{"count":2,"href":"https:\/\/www.diewerberechtler.de\/wordpress\/wp-json\/wp\/v2\/pages\/2528\/revisions"}],"predecessor-version":[{"id":2530,"href":"https:\/\/www.diewerberechtler.de\/wordpress\/wp-json\/wp\/v2\/pages\/2528\/revisions\/2530"}],"wp:attachment":[{"href":"https:\/\/www.diewerberechtler.de\/wordpress\/wp-json\/wp\/v2\/media?parent=2528"}],"curies":[{"name":"wp","href":"https:\/\/api.w.org\/{rel}","templated":true}]}}